{"id":321,"date":"2021-03-02T21:26:27","date_gmt":"2021-03-02T20:26:27","guid":{"rendered":"https:\/\/www.gitedupetitruau.be\/home\/"},"modified":"2025-01-23T11:26:16","modified_gmt":"2025-01-23T10:26:16","slug":"home","status":"publish","type":"page","link":"https:\/\/www.gitedupetitruau.be\/en\/","title":{"rendered":"Home"},"content":{"rendered":"<p>[et_pb_section fb_built=&#8221;1&#8243; fullwidth=&#8221;on&#8221; _builder_version=&#8221;4.16&#8243; _module_preset=&#8221;default&#8221; global_colors_info=&#8221;{}&#8221;][et_pb_fullwidth_image src=&#8221;https:\/\/www.gitedupetitruau.be\/wp-content\/uploads\/2021\/02\/le-gite-du-petit-ruau-vue-pano.jpg&#8221; title_text=&#8221;le-gite-du-petit-ruau-vue-pano&#8221; _builder_version=&#8221;4.16&#8243; _module_preset=&#8221;default&#8221; global_colors_info=&#8221;{}&#8221;][\/et_pb_fullwidth_image][\/et_pb_section][et_pb_section fb_built=&#8221;1&#8243; _builder_version=&#8221;4.16&#8243; _module_preset=&#8221;default&#8221; background_color=&#8221;#FFFFFF&#8221; custom_padding=&#8221;40px||40px||true|&#8221; global_colors_info=&#8221;{}&#8221;][et_pb_row _builder_version=&#8221;4.16&#8243; _module_preset=&#8221;default&#8221; global_colors_info=&#8221;{}&#8221;][et_pb_column type=&#8221;4_4&#8243; _builder_version=&#8221;4.16&#8243; _module_preset=&#8221;default&#8221; global_colors_info=&#8221;{}&#8221;][et_pb_text _builder_version=&#8221;4.16&#8243; _module_preset=&#8221;default&#8221; header_font=&#8221;|||on|||||&#8221; header_text_align=&#8221;center&#8221; header_text_color=&#8221;#6ACD40&#8243; global_colors_info=&#8221;{}&#8221;]<\/p>\n<h1>Discover the &#8220;G\u00eete du Petit Ruau&#8221;<\/h1>\n<p>[\/et_pb_text][\/et_pb_column][\/et_pb_row][et_pb_row column_structure=&#8221;1_2,1_2&#8243; make_equal=&#8221;on&#8221; _builder_version=&#8221;4.16&#8243; _module_preset=&#8221;default&#8221; max_width=&#8221;1280px&#8221; global_colors_info=&#8221;{}&#8221;][et_pb_column type=&#8221;1_2&#8243; module_class=&#8221;centrer-verticalement&#8221; _builder_version=&#8221;4.16&#8243; _module_preset=&#8221;default&#8221; global_colors_info=&#8221;{}&#8221;][et_pb_code _builder_version=&#8221;4.16&#8243; _module_preset=&#8221;default&#8221; global_colors_info=&#8221;{}&#8221;]<iframe loading=\"lazy\" width=\"560\" height=\"315\" src=\"https:\/\/www.youtube-nocookie.com\/embed\/RN5U0g82oug\" frameborder=\"0\" allow=\"accelerometer; autoplay; clipboard-write; encrypted-media; gyroscope; picture-in-picture\" allowfullscreen=\"\"><\/iframe>[\/et_pb_code][et_pb_code _builder_version=&#8221;4.16&#8243; _module_preset=&#8221;default&#8221; global_colors_info=&#8221;{}&#8221;]<iframe loading=\"lazy\" width=\"560\" height=\"315\" src=\"https:\/\/www.youtube-nocookie.com\/embed\/IuQvIpMCkWM\" title=\"YouTube video player\" frameborder=\"0\" allow=\"accelerometer; autoplay; clipboard-write; encrypted-media; gyroscope; picture-in-picture\" allowfullscreen=\"\"><\/iframe>[\/et_pb_code][\/et_pb_column][et_pb_column type=&#8221;1_2&#8243; module_class=&#8221;centrer-verticalement&#8221; _builder_version=&#8221;4.16&#8243; _module_preset=&#8221;default&#8221; global_colors_info=&#8221;{}&#8221;][et_pb_text _builder_version=&#8221;4.16&#8243; _module_preset=&#8221;default&#8221; text_font_size=&#8221;16px&#8221; text_orientation=&#8221;justified&#8221; global_colors_info=&#8221;{}&#8221;]<\/p>\n<p>Martine and Pierre welcome you to their pretty 1800s fermette, nestling in the peace and quiet of unspoilt countryside.<\/p>\n<p>Charm is everywhere, in each of the 6 bedrooms as well as in the 2 living rooms, the dining room and also in the large reception room which can accommodate up to 24 people and which is equipped with a multimedia system. The general equipment is rich and complete, 3 TV, DVD player, Wi-Fi, 3 shower rooms 1 bathroom. Fully equipped kitchen.<\/p>\n<p>For your relaxation you have a billiard room, a sauna and a large terrace facing south. Barbecue at your disposal. The view on the green countryside is splendid.<\/p>\n<p>[\/et_pb_text][\/et_pb_column][\/et_pb_row][et_pb_row make_equal=&#8221;on&#8221; _builder_version=&#8221;4.27.4&#8243; _module_preset=&#8221;default&#8221; max_width=&#8221;1280px&#8221; hover_enabled=&#8221;0&#8243; global_colors_info=&#8221;{}&#8221; disabled_on=&#8221;on|on|on&#8221; disabled=&#8221;on&#8221; sticky_enabled=&#8221;0&#8243;][et_pb_column type=&#8221;4_4&#8243; _builder_version=&#8221;4.16&#8243; _module_preset=&#8221;default&#8221; global_colors_info=&#8221;{}&#8221;][et_pb_code _builder_version=&#8221;4.27.4&#8243; _module_preset=&#8221;default&#8221; hover_enabled=&#8221;0&#8243; global_colors_info=&#8221;{}&#8221; disabled_on=&#8221;off|off|off&#8221; sticky_enabled=&#8221;0&#8243;]<iframe loading=\"lazy\" width=\"560\" height=\"315\" src=\"https:\/\/www.youtube-nocookie.com\/embed\/Fu35Jk7_0X4\" title=\"YouTube video player\" frameborder=\"0\" allow=\"accelerometer; autoplay; clipboard-write; encrypted-media; gyroscope; picture-in-picture\" allowfullscreen=\"\"><\/iframe>[\/et_pb_code][\/et_pb_column][\/et_pb_row][\/et_pb_section][et_pb_section fb_built=&#8221;1&#8243; _builder_version=&#8221;4.16&#8243; _module_preset=&#8221;default&#8221; background_color=&#8221;#444444&#8243; custom_padding=&#8221;40px||40px||true|&#8221; global_colors_info=&#8221;{}&#8221;][et_pb_row column_structure=&#8221;1_3,1_3,1_3&#8243; _builder_version=&#8221;4.16&#8243; _module_preset=&#8221;default&#8221; custom_padding=&#8221;0px|||||&#8221; global_colors_info=&#8221;{}&#8221;][et_pb_column type=&#8221;1_3&#8243; _builder_version=&#8221;4.16&#8243; _module_preset=&#8221;default&#8221; global_colors_info=&#8221;{}&#8221;][et_pb_image src=&#8221;https:\/\/www.gitedupetitruau.be\/wp-content\/uploads\/2021\/02\/le-gite.png&#8221; title_text=&#8221;le-gite&#8221; _builder_version=&#8221;4.16&#8243; _module_preset=&#8221;default&#8221; max_width=&#8221;80%&#8221; module_alignment=&#8221;center&#8221; global_colors_info=&#8221;{}&#8221;][\/et_pb_image][et_pb_button button_url=&#8221;https:\/\/www.gitedupetitruau.be\/en\/the-lodging\/&#8221; button_text=&#8221;Le Petit Ruau&#8221; button_alignment=&#8221;center&#8221; _builder_version=&#8221;4.16&#8243; _module_preset=&#8221;default&#8221; custom_button=&#8221;on&#8221; button_text_color=&#8221;#FFFFFF&#8221; button_bg_color=&#8221;#6acd40&#8243; button_border_color=&#8221;#6acd40&#8243; global_colors_info=&#8221;{}&#8221;][\/et_pb_button][\/et_pb_column][et_pb_column type=&#8221;1_3&#8243; _builder_version=&#8221;4.16&#8243; _module_preset=&#8221;default&#8221; global_colors_info=&#8221;{}&#8221;][et_pb_image src=&#8221;https:\/\/www.gitedupetitruau.be\/wp-content\/uploads\/2021\/02\/la-ferme.png&#8221; title_text=&#8221;la-ferme&#8221; _builder_version=&#8221;4.16&#8243; _module_preset=&#8221;default&#8221; max_width=&#8221;80%&#8221; module_alignment=&#8221;center&#8221; global_colors_info=&#8221;{}&#8221;][\/et_pb_image][et_pb_button button_url=&#8221;https:\/\/www.gitedupetitruau.be\/en\/the-farm\/&#8221; button_text=&#8221;The farm&#8221; button_alignment=&#8221;center&#8221; _builder_version=&#8221;4.16&#8243; _module_preset=&#8221;default&#8221; custom_button=&#8221;on&#8221; button_text_color=&#8221;#FFFFFF&#8221; button_bg_color=&#8221;#6acd40&#8243; button_border_color=&#8221;#6acd40&#8243; global_colors_info=&#8221;{}&#8221;][\/et_pb_button][\/et_pb_column][et_pb_column type=&#8221;1_3&#8243; _builder_version=&#8221;4.16&#8243; _module_preset=&#8221;default&#8221; global_colors_info=&#8221;{}&#8221;][et_pb_image src=&#8221;https:\/\/www.gitedupetitruau.be\/wp-content\/uploads\/2021\/02\/les-alentours.png&#8221; title_text=&#8221;les-alentours&#8221; _builder_version=&#8221;4.16&#8243; _module_preset=&#8221;default&#8221; max_width=&#8221;80%&#8221; module_alignment=&#8221;center&#8221; global_colors_info=&#8221;{}&#8221;][\/et_pb_image][et_pb_button button_url=&#8221;https:\/\/www.gitedupetitruau.be\/en\/surroundings\/&#8221; button_text=&#8221;Surroundings&#8221; button_alignment=&#8221;center&#8221; _builder_version=&#8221;4.16&#8243; _module_preset=&#8221;default&#8221; custom_button=&#8221;on&#8221; button_text_color=&#8221;#FFFFFF&#8221; button_bg_color=&#8221;#6acd40&#8243; button_border_color=&#8221;#6acd40&#8243; global_colors_info=&#8221;{}&#8221;][\/et_pb_button][\/et_pb_column][\/et_pb_row][\/et_pb_section][et_pb_section fb_built=&#8221;1&#8243; _builder_version=&#8221;4.16&#8243; _module_preset=&#8221;default&#8221; custom_padding=&#8221;29px||29px||true|&#8221; global_colors_info=&#8221;{}&#8221;][et_pb_row column_structure=&#8221;1_3,1_3,1_3&#8243; _builder_version=&#8221;4.16&#8243; _module_preset=&#8221;default&#8221; global_colors_info=&#8221;{}&#8221;][et_pb_column type=&#8221;1_3&#8243; _builder_version=&#8221;4.16&#8243; _module_preset=&#8221;default&#8221; global_colors_info=&#8221;{}&#8221;][et_pb_text _builder_version=&#8221;4.16&#8243; _module_preset=&#8221;default&#8221; text_font=&#8221;|||on|||||&#8221; text_text_color=&#8221;#6acd40&#8243; header_2_font=&#8221;||||||||&#8221; global_colors_info=&#8221;{}&#8221;]<\/p>\n<h2>Housing<\/h2>\n<p>[\/et_pb_text][et_pb_divider color=&#8221;#6acd40&#8243; divider_weight=&#8221;3px&#8221; _builder_version=&#8221;4.16&#8243; _module_preset=&#8221;default&#8221; max_width=&#8221;100px&#8221; global_colors_info=&#8221;{}&#8221;][\/et_pb_divider][et_pb_text ul_type=&#8221;circle&#8221; _builder_version=&#8221;4.16&#8243; _module_preset=&#8221;default&#8221; ul_font_size=&#8221;16px&#8221; ul_line_height=&#8221;1.7em&#8221; global_colors_info=&#8221;{}&#8221;]<\/p>\n<ul>\n<li>Completely renovated farmhouse<\/li>\n<li>6 real rooms<\/li>\n<li>1 bathroom<\/li>\n<li>3 shower rooms<\/li>\n<li>2 living rooms<\/li>\n<li>1 dining room<\/li>\n<\/ul>\n<p>[\/et_pb_text][\/et_pb_column][et_pb_column type=&#8221;1_3&#8243; _builder_version=&#8221;4.16&#8243; _module_preset=&#8221;default&#8221; global_colors_info=&#8221;{}&#8221;][et_pb_text _builder_version=&#8221;4.16&#8243; _module_preset=&#8221;default&#8221; text_font=&#8221;|||on|||||&#8221; text_text_color=&#8221;#6acd40&#8243; header_2_font=&#8221;||||||||&#8221; global_colors_info=&#8221;{}&#8221;]<\/p>\n<h2>Equipment<\/h2>\n<p>[\/et_pb_text][et_pb_divider color=&#8221;#6acd40&#8243; divider_weight=&#8221;3px&#8221; _builder_version=&#8221;4.16&#8243; _module_preset=&#8221;default&#8221; max_width=&#8221;100px&#8221; global_colors_info=&#8221;{}&#8221;][\/et_pb_divider][et_pb_text ul_type=&#8221;circle&#8221; _builder_version=&#8221;4.16&#8243; _module_preset=&#8221;default&#8221; ul_font_size=&#8221;16px&#8221; ul_line_height=&#8221;1.7em&#8221; global_colors_info=&#8221;{}&#8221;]<\/p>\n<ul>\n<li>Fully equipped kitchen<\/li>\n<li>3 televisions<\/li>\n<li>Wifi<\/li>\n<li>DVD player<\/li>\n<li>Barbecue<\/li>\n<li>Ground &amp; game of petanque<\/li>\n<\/ul>\n<p>[\/et_pb_text][\/et_pb_column][et_pb_column type=&#8221;1_3&#8243; _builder_version=&#8221;4.16&#8243; _module_preset=&#8221;default&#8221; global_colors_info=&#8221;{}&#8221;][et_pb_text _builder_version=&#8221;4.16&#8243; _module_preset=&#8221;default&#8221; text_font=&#8221;|||on|||||&#8221; text_text_color=&#8221;#6acd40&#8243; header_2_font=&#8221;||||||||&#8221; global_colors_info=&#8221;{}&#8221;]<\/p>\n<h2>Special features<\/h2>\n<p>[\/et_pb_text][et_pb_divider color=&#8221;#6acd40&#8243; divider_weight=&#8221;3px&#8221; _builder_version=&#8221;4.16&#8243; _module_preset=&#8221;default&#8221; max_width=&#8221;100px&#8221; global_colors_info=&#8221;{}&#8221;][\/et_pb_divider][et_pb_text ul_type=&#8221;circle&#8221; _builder_version=&#8221;4.16&#8243; _module_preset=&#8221;default&#8221; ul_font_size=&#8221;16px&#8221; ul_line_height=&#8221;1.7em&#8221; global_colors_info=&#8221;{}&#8221;]<\/p>\n<ul>\n<li>Lodging at the farm<\/li>\n<li><span style=\"font-size: 16px;\">Billiard table<\/span><\/li>\n<li>Infrared sauna<\/li>\n<li>Reception room for 24 people<\/li>\n<li>Multimedia equipment<\/li>\n<li>South facing terrace &amp; garden <\/li>\n<\/ul>\n<p>[\/et_pb_text][\/et_pb_column][\/et_pb_row][\/et_pb_section][et_pb_section fb_built=&#8221;1&#8243; _builder_version=&#8221;4.16&#8243; _module_preset=&#8221;default&#8221; background_color=&#8221;#444444&#8243; custom_padding=&#8221;40px||40px||true|&#8221; global_colors_info=&#8221;{}&#8221;][et_pb_row _builder_version=&#8221;4.16&#8243; _module_preset=&#8221;default&#8221; width=&#8221;100%&#8221; max_width=&#8221;1280px&#8221; global_colors_info=&#8221;{}&#8221;][et_pb_column type=&#8221;4_4&#8243; _builder_version=&#8221;4.16&#8243; _module_preset=&#8221;default&#8221; global_colors_info=&#8221;{}&#8221;][dica_divi_carousel show_items_desktop=&#8221;3&#8243; transition_duration=&#8221;1500&#8243; loop=&#8221;on&#8221; autoplay=&#8221;on&#8221; arrow_nav=&#8221;on&#8221; advanced_effect=&#8221;1&#8243; arrow_nav_color=&#8221;#7CDA24&#8243; arrow_bg_color=&#8221;RGBA(0,0,0,0)&#8221; arrow_position=&#8221;middle-outside&#8221; _builder_version=&#8221;4.19.0&#8243; _module_preset=&#8221;default&#8221; global_colors_info=&#8221;{}&#8221;][dica_divi_carouselitem admin_label=&#8221;Aerienne&#8221; button_url_new_window=&#8221;1&#8243; image=&#8221;https:\/\/www.gitedupetitruau.be\/wp-content\/uploads\/2021\/04\/Gite-du-petit-ruau-vue-aerienne.jpg&#8221; _builder_version=&#8221;4.16&#8243; _module_preset=&#8221;default&#8221; global_colors_info=&#8221;{}&#8221;][\/dica_divi_carouselitem][dica_divi_carouselitem admin_label=&#8221;1&#8243; button_url_new_window=&#8221;1&#8243; image=&#8221;https:\/\/www.gitedupetitruau.be\/wp-content\/uploads\/2021\/02\/1.jpg&#8221; image_lightbox=&#8221;on&#8221; _builder_version=&#8221;4.16&#8243; _module_preset=&#8221;default&#8221; global_colors_info=&#8221;{}&#8221;][\/dica_divi_carouselitem][dica_divi_carouselitem admin_label=&#8221;2&#8243; button_url_new_window=&#8221;1&#8243; image=&#8221;https:\/\/www.gitedupetitruau.be\/wp-content\/uploads\/2021\/02\/2.jpg&#8221; image_lightbox=&#8221;on&#8221; _builder_version=&#8221;4.16&#8243; _module_preset=&#8221;default&#8221; global_colors_info=&#8221;{}&#8221;][\/dica_divi_carouselitem][dica_divi_carouselitem admin_label=&#8221;3&#8243; button_url_new_window=&#8221;1&#8243; image=&#8221;https:\/\/www.gitedupetitruau.be\/wp-content\/uploads\/2021\/02\/5.jpg&#8221; image_lightbox=&#8221;on&#8221; _builder_version=&#8221;4.16&#8243; _module_preset=&#8221;default&#8221; global_colors_info=&#8221;{}&#8221;][\/dica_divi_carouselitem][dica_divi_carouselitem admin_label=&#8221;4&#8243; button_url_new_window=&#8221;1&#8243; image=&#8221;https:\/\/www.gitedupetitruau.be\/wp-content\/uploads\/2021\/02\/4.jpg&#8221; image_lightbox=&#8221;on&#8221; _builder_version=&#8221;4.16&#8243; _module_preset=&#8221;default&#8221; global_colors_info=&#8221;{}&#8221;][\/dica_divi_carouselitem][dica_divi_carouselitem admin_label=&#8221;5&#8243; button_url_new_window=&#8221;1&#8243; image=&#8221;https:\/\/www.gitedupetitruau.be\/wp-content\/uploads\/2021\/02\/3.jpg&#8221; image_lightbox=&#8221;on&#8221; _builder_version=&#8221;4.16&#8243; _module_preset=&#8221;default&#8221; global_colors_info=&#8221;{}&#8221;][\/dica_divi_carouselitem][dica_divi_carouselitem admin_label=&#8221;6&#8243; button_url_new_window=&#8221;1&#8243; image=&#8221;https:\/\/www.gitedupetitruau.be\/wp-content\/uploads\/2022\/11\/petanque-gite-petit-ruau.jpg&#8221; image_lightbox=&#8221;on&#8221; _builder_version=&#8221;4.19.0&#8243; _module_preset=&#8221;default&#8221; global_colors_info=&#8221;{}&#8221;][\/dica_divi_carouselitem][\/dica_divi_carousel][\/et_pb_column][\/et_pb_row][et_pb_row _builder_version=&#8221;4.16&#8243; _module_preset=&#8221;default&#8221; global_colors_info=&#8221;{}&#8221;][et_pb_column type=&#8221;4_4&#8243; _builder_version=&#8221;4.16&#8243; _module_preset=&#8221;default&#8221; global_colors_info=&#8221;{}&#8221;][et_pb_button button_url=&#8221;https:\/\/www.gitedupetitruau.be\/en\/pictures\/&#8221; button_text=&#8221;See all pictures&#8221; button_alignment=&#8221;center&#8221; _builder_version=&#8221;4.16&#8243; _module_preset=&#8221;default&#8221; custom_button=&#8221;on&#8221; button_text_color=&#8221;#FFFFFF&#8221; button_bg_color=&#8221;#6acd40&#8243; button_border_color=&#8221;#6acd40&#8243; global_colors_info=&#8221;{}&#8221;][\/et_pb_button][\/et_pb_column][\/et_pb_row][\/et_pb_section][et_pb_section fb_built=&#8221;1&#8243; _builder_version=&#8221;4.16&#8243; _module_preset=&#8221;default&#8221; custom_padding=&#8221;29px||30px|||&#8221; global_colors_info=&#8221;{}&#8221;][et_pb_row _builder_version=&#8221;4.16&#8243; _module_preset=&#8221;default&#8221; max_width=&#8221;1280px&#8221; global_colors_info=&#8221;{}&#8221;][et_pb_column type=&#8221;4_4&#8243; _builder_version=&#8221;4.16&#8243; _module_preset=&#8221;default&#8221; global_colors_info=&#8221;{}&#8221;][dica_divi_carousel show_items_tablet=&#8221;2&#8243; transition_duration=&#8221;2500&#8243; loop=&#8221;on&#8221; autoplay=&#8221;on&#8221; hoverpause=&#8221;on&#8221; autoplay_speed=&#8221;1500&#8243; dot_nav=&#8221;on&#8221; item_vertical_align=&#8221;center&#8221; advanced_effect=&#8221;1&#8243; dots_color=&#8221;#444444&#8243; dots_active_color=&#8221;#6ACD40&#8243; _builder_version=&#8221;4.16&#8243; _module_preset=&#8221;default&#8221; custom_margin=&#8221;||1px|||&#8221; global_colors_info=&#8221;{}&#8221;][dica_divi_carouselitem admin_label=&#8221;Jonathan&#8221; button_url_new_window=&#8221;1&#8243; _builder_version=&#8221;4.16&#8243; _module_preset=&#8221;default&#8221; global_colors_info=&#8221;{}&#8221;]<\/p>\n<p>G\u00eete top. Accueil tr\u00e8s agr\u00e9able. Endroit super sympa pour week-end en (grande) famille. Tr\u00e8s beaux espaces conviviaux. Chambres agreables. Super bien \u00e9quip\u00e9. A RECOMMANDER.<\/p>\n<p style=\"text-align: left;\"><strong>Jonathan<\/strong><\/p>\n<p>[\/dica_divi_carouselitem][dica_divi_carouselitem admin_label=&#8221;Laurence&#8221; button_url_new_window=&#8221;1&#8243; _builder_version=&#8221;4.16&#8243; _module_preset=&#8221;default&#8221; global_colors_info=&#8221;{}&#8221;]<\/p>\n<p><span>Juste parfait! Un accueil authentique et attentionn\u00e9 avec le soin du d\u00e9tail&#8230; 5 enfants et 6 adultes. Un g\u00eete super bien \u00e9quip\u00e9 et un feu ouvert convivial en hiver. Un jardin avec une vue sur la nature&#8230; des lits conforts et des chambres bien d\u00e9cor\u00e9es. Une adresse que nous retiendrons! Merci!<\/span><\/p>\n<p style=\"text-align: left;\"><strong>Laurence<\/strong><\/p>\n<p>[\/dica_divi_carouselitem][dica_divi_carouselitem admin_label=&#8221;Vincent&#8221; button_url_new_window=&#8221;1&#8243; _builder_version=&#8221;4.16&#8243; _module_preset=&#8221;default&#8221; global_colors_info=&#8221;{}&#8221;]<\/p>\n<p><span>Magnifique endroit enchanteur avec un horizon \u00e0 perte de vue. Les propri\u00e9taires sont aux petits soins afin que le s\u00e9jour reste immortalis\u00e9 dans nos m\u00e9moires. La b\u00e2tisse est chaleureuse et d\u00e9cor\u00e9e avec go\u00fbt. A recommander sans h\u00e9sitation.<\/span><\/p>\n<p style=\"text-align: left;\"><strong>Vincent<\/strong><\/p>\n<p>[\/dica_divi_carouselitem][dica_divi_carouselitem admin_label=&#8221;Olivier&#8221; button_url_new_window=&#8221;1&#8243; _builder_version=&#8221;4.16&#8243; _module_preset=&#8221;default&#8221; global_colors_info=&#8221;{}&#8221;]<\/p>\n<p><span>Exceptionnel, g\u00eete tout \u00e0 fait magnifique avec toutes les commodit\u00e9s mais aussi billard, sauna,&#8230; D\u00e9cor\u00e9 avec go\u00fbt et tr\u00e8s bien entretenu. Le jardin est \u00e9galement \u00e0 la hauteur avec une superbe vue. Propri\u00e9taires des plus accueillants et serviables. Je n&#8217;ai que des \u00e9loges \u00e0 mettre en avant pour ce lieu. Merci pour ce s\u00e9jour.<\/span><\/p>\n<p style=\"text-align: left;\"><strong>Olivier<\/strong><\/p>\n<p>[\/dica_divi_carouselitem][dica_divi_carouselitem admin_label=&#8221;Maryline&#8221; button_url_new_window=&#8221;1&#8243; _builder_version=&#8221;4.16&#8243; _module_preset=&#8221;default&#8221; global_colors_info=&#8221;{}&#8221;]<\/p>\n<p><span>Un tr\u00e8s bon s\u00e9jour en Belgique, dans une tr\u00e8s belle demeure. Le gite est tout simplement extraordinaire, fonctionnel. Un vrai petit paradis dans un coin de verdure. Tr\u00e8s bon accueil des propri\u00e9taires. A recommander sans aucune h\u00e9sitation!<\/span><\/p>\n<p><strong>Maryline<\/strong><\/p>\n<p>[\/dica_divi_carouselitem][dica_divi_carouselitem admin_label=&#8221;Lysiane&#8221; button_url_new_window=&#8221;1&#8243; _builder_version=&#8221;4.16&#8243; _module_preset=&#8221;default&#8221; global_colors_info=&#8221;{}&#8221;]<\/p>\n<p><span>Nous avons pass\u00e9 un excellent moment entre amis dans ce g\u00eete spacieux et chaleureux, et notamment autour de cette grande table ronde qui nous rassemblait tous pour nos repas dans la bonne humeur. Pour l&#8217;ap\u00e9ro, un salon avec vue sur le jardin et une grande p\u00e2ture o\u00f9 paissent vaches et veaux&#8230; Et toutes les autres commodit\u00e9s qu&#8217;offre cette maison bien am\u00e9nag\u00e9e. Merci \u00e0 Grazzia pour son bon accueil en l&#8217;absence des &#8220;patrons&#8221;.<\/span><\/p>\n<p><strong>Lysiane<\/strong><\/p>\n<p>[\/dica_divi_carouselitem][dica_divi_carouselitem admin_label=&#8221;Christophe&#8221; button_url_new_window=&#8221;1&#8243; _builder_version=&#8221;4.16&#8243; _module_preset=&#8221;default&#8221; global_colors_info=&#8221;{}&#8221;]<\/p>\n<p>G\u00eete super convivial. Chambres spacieuses et agr\u00e9ables. Super \u00e9quip\u00e9. Everything you need for an excellent weekend with friends or family.<br \/>The owners are adorable and available. A warm welcome.<br \/>Little extra: Pierre&#8217;s farm!<br \/>Thank you so much! <\/p>\n<p><strong>Christophe<\/strong><\/p>\n<p>[\/dica_divi_carouselitem][\/dica_divi_carousel][et_pb_button button_url=&#8221;https:\/\/www.gitedupetitruau.be\/en\/testimonials\/&#8221; button_text=&#8221;Leave us a review&#8221; button_alignment=&#8221;center&#8221; _builder_version=&#8221;4.16&#8243; _module_preset=&#8221;default&#8221; custom_button=&#8221;on&#8221; button_text_color=&#8221;#FFFFFF&#8221; button_bg_color=&#8221;#6ACD40&#8243; button_border_color=&#8221;#6ACD40&#8243; custom_margin=&#8221;20px||||false|false&#8221; global_colors_info=&#8221;{}&#8221;][\/et_pb_button][\/et_pb_column][\/et_pb_row][\/et_pb_section]<\/p>\n","protected":false},"excerpt":{"rendered":"<p>Discover the &#8220;G\u00eete du Petit Ruau&#8221;Martine and Pierre welcome you to their pretty 1800s fermette, nestling in the peace and quiet of unspoilt countryside. Charm is everywhere, in each of the 6 bedrooms as well as in the 2 living rooms, the dining room and also in the large reception room which can accommodate up [&hellip;]<\/p>\n","protected":false},"author":2,"featured_media":0,"parent":0,"menu_order":0,"comment_status":"closed","ping_status":"closed","template":"","meta":{"_et_pb_use_builder":"on","_et_pb_old_content":"","_et_gb_content_width":"","footnotes":""},"class_list":["post-321","page","type-page","status-publish","hentry"],"_links":{"self":[{"href":"https:\/\/www.gitedupetitruau.be\/en\/wp-json\/wp\/v2\/pages\/321","targetHints":{"allow":["GET"]}}],"collection":[{"href":"https:\/\/www.gitedupetitruau.be\/en\/wp-json\/wp\/v2\/pages"}],"about":[{"href":"https:\/\/www.gitedupetitruau.be\/en\/wp-json\/wp\/v2\/types\/page"}],"author":[{"embeddable":true,"href":"https:\/\/www.gitedupetitruau.be\/en\/wp-json\/wp\/v2\/users\/2"}],"replies":[{"embeddable":true,"href":"https:\/\/www.gitedupetitruau.be\/en\/wp-json\/wp\/v2\/comments?post=321"}],"version-history":[{"count":3,"href":"https:\/\/www.gitedupetitruau.be\/en\/wp-json\/wp\/v2\/pages\/321\/revisions"}],"predecessor-version":[{"id":757,"href":"https:\/\/www.gitedupetitruau.be\/en\/wp-json\/wp\/v2\/pages\/321\/revisions\/757"}],"wp:attachment":[{"href":"https:\/\/www.gitedupetitruau.be\/en\/wp-json\/wp\/v2\/media?parent=321"}],"curies":[{"name":"wp","href":"https:\/\/api.w.org\/{rel}","templated":true}]}}